{"id":731,"date":"2020-04-11T05:25:35","date_gmt":"2020-04-11T08:25:35","guid":{"rendered":"https:\/\/isfd37-bue.infd.edu.ar\/sitio\/?page_id=731"},"modified":"2021-11-29T11:27:07","modified_gmt":"2021-11-29T14:27:07","slug":"inscribite","status":"publish","type":"page","link":"https:\/\/isfd37-bue.infd.edu.ar\/sitio\/inscribite\/","title":{"rendered":"SIVI"},"content":{"rendered":"\n<p>SIVI es una plataforma donde est\u00e1n registrados nuestros estudiantes y docentes, se utiliza  para la gesti\u00f3n de los mismos, cada uno en su rol<\/p>\n\n\n\n<p>Los estudiantes podr\u00e1n inscribirse a finales a trav\u00e9s de la plataforma y consultar su trayectoria acad\u00e9mica.<\/p>\n\n\n\n<p>Los docentes podr\u00e1n verificar cantidad de alumnos inscriptos y fecha de ex\u00e1menes finales, como as\u00ed tambi\u00e9n alumnos inscriptos en su catedra<\/p>\n\n\n\n<p>Link para ingresar a la plataforma SIVI click&nbsp;<a href=\"https:\/\/sivi.com.ar\/entrar\/?next=\/e\/i37\/\" target=\"_blank\" rel=\"noreferrer noopener\">aqu\u00ed<\/a><\/p>\n","protected":false},"excerpt":{"rendered":"<p>SIVI es una plataforma donde est\u00e1n registrados nuestros estudiantes y docentes, se utiliza para la gesti\u00f3n de los mismos, cada uno en su rol Los estudiantes podr\u00e1n inscribirse a finales a trav\u00e9s de la plataforma y consultar su trayectoria acad\u00e9mica. Los docentes podr\u00e1n verificar cantidad de alumnos inscriptos y fecha de ex\u00e1menes finales, como as\u00ed &#8230; <a title=\"SIVI\" class=\"read-more\" href=\"https:\/\/isfd37-bue.infd.edu.ar\/sitio\/inscribite\/\" aria-label=\"More on SIVI\">[+]<\/a><\/p>\n","protected":false},"author":12,"featured_media":0,"parent":0,"menu_order":0,"comment_status":"closed","ping_status":"closed","template":"","meta":[],"acf":[],"_links":{"self":[{"href":"https:\/\/isfd37-bue.infd.edu.ar\/sitio\/wp-json\/wp\/v2\/pages\/731"}],"collection":[{"href":"https:\/\/isfd37-bue.infd.edu.ar\/sitio\/wp-json\/wp\/v2\/pages"}],"about":[{"href":"https:\/\/isfd37-bue.infd.edu.ar\/sitio\/wp-json\/wp\/v2\/types\/page"}],"author":[{"embeddable":true,"href":"https:\/\/isfd37-bue.infd.edu.ar\/sitio\/wp-json\/wp\/v2\/users\/12"}],"replies":[{"embeddable":true,"href":"https:\/\/isfd37-bue.infd.edu.ar\/sitio\/wp-json\/wp\/v2\/comments?post=731"}],"version-history":[{"count":4,"href":"https:\/\/isfd37-bue.infd.edu.ar\/sitio\/wp-json\/wp\/v2\/pages\/731\/revisions"}],"predecessor-version":[{"id":836,"href":"https:\/\/isfd37-bue.infd.edu.ar\/sitio\/wp-json\/wp\/v2\/pages\/731\/revisions\/836"}],"wp:attachment":[{"href":"https:\/\/isfd37-bue.infd.edu.ar\/sitio\/wp-json\/wp\/v2\/media?parent=731"}],"curies":[{"name":"wp","href":"https:\/\/api.w.org\/{rel}","templated":true}]}}