{"id":867,"date":"2025-05-15T14:39:56","date_gmt":"2025-05-15T17:39:56","guid":{"rendered":"https:\/\/isfd37-bue.infd.edu.ar\/sitio\/?page_id=867"},"modified":"2025-05-20T17:24:15","modified_gmt":"2025-05-20T20:24:15","slug":"concursos-de-materias","status":"publish","type":"page","link":"https:\/\/isfd37-bue.infd.edu.ar\/sitio\/concursos-de-materias\/","title":{"rendered":"Concursos de materias"},"content":{"rendered":"\n<p>La selecci\u00f3n de aspirantes a profesores&nbsp;provisionales y suplentes se realiza seg\u00fan Resoluci\u00f3n N\u00ba 5886\/03. Las llamadas a cobertura de asignaturas se realizan a trav\u00e9s de Secretar\u00eda de Asuntos Docentes.<\/p>\n\n\n\n<p>Los interesados deber\u00e1n presentar&nbsp;Declaraci\u00f3n Jurada&nbsp;y Proyecto Curricular dentro de los plazos que se establezcan.<\/p>\n\n\n\n<p>Para la elaboraci\u00f3n del Proyecto Curricular deber\u00e1n respetarse los CONTENIDOS MINIMOS&nbsp;de la asignatura a concursar los cuales pueden consultarse&nbsp;en la secci\u00f3n&nbsp;<a rel=\"noreferrer noopener\" href=\"https:\/\/isfd37-bue.infd.edu.ar\/sitio\/carreras\/\" target=\"_blank\">Oferta <\/a><a href=\"https:\/\/isfd37-bue.infd.edu.ar\/sitio\/carreras\/\" target=\"_blank\" rel=\"noreferrer noopener\">Acad\u00e9mica<\/a>, de esta p\u00e1gina o en la p\u00e1gina del ABC de la DGCYE.<\/p>\n\n\n\n<h2 class=\"wp-block-heading\">Requisitos para la entrega de proyectos \u2013 Normativa a utilizar&nbsp;Resoluci\u00f3n&nbsp;N\u00b0 5886\/03:<\/h2>\n\n\n\n<p>En carpeta foliada, (con nepacos, con ganchitos mariposas&nbsp;y\/o engrampadas, para que no se pierda o adultere informaci\u00f3n):<\/p>\n\n\n\n<ul>\n<li>Portada con los siguientes datos: Apellido y Nombre; DNI; Domicilio; Tel\u00e9fono de contacto (fijo y celular); Correo Electr\u00f3nico (en caso de ejercer la docencia indicar el correo de abc, caso contrario el correo de contacto); Nombre de la c\u00e1tedra para la cual concursa; Carrera a la que pertenece;<\/li>\n\n\n\n<li>Firma y sello de autoridad interviniente donde indica la Resoluci\u00f3n 5886\/03;<\/li>\n\n\n\n<li>Firma del aspirante donde indica la<a href=\"https:\/\/isfdyt48-bue.infd.edu.ar\/sitio\/wp-content\/uploads\/2021\/09\/RES_5886-03_completa.pdf\">&nbsp;<\/a>Resoluci\u00f3n 5886\/03;<\/li>\n\n\n\n<li>Solicitud de inscripci\u00f3n, se sugiere por duplicado, uno para el\/la docente otro para el&nbsp;legajo;<\/li>\n\n\n\n<li>Anexo III de la Resoluci\u00f3n 5886\/03 completo, se sugiere que los campos no utilizados sean cruzados;<\/li>\n\n\n\n<li>Fotocopia de DNI con \u00faltimo domicilio y espacio de domicilio siguiente en blanco (CERTIFICADO como COPIA FIEL POR AUTORIDAD COMPETENTE).<\/li>\n\n\n\n<li>Fotocopia de T\u00edtulos, cursos, capacitaciones, debidamente registrados en Consejo Escolar, (CERTIFICADOS como COPIA FIEL POR AUTORIDAD COMPETENTE);<\/li>\n\n\n\n<li>En caso de&nbsp;ser necesario, constancia de promedio de t\u00edtulo o el anal\u00edtico correspondiente;<\/li>\n\n\n\n<li>Los certificados de los\/las alumnos\/as regulares, de los Institutos deben aclarar correctamente el nombre del TITULO&nbsp;con que egresar\u00e1 el\/la estudiante y no el de la carrera;<\/li>\n\n\n\n<li>Calificaciones, especialmente si hubiere sido calificado en la asignatura&nbsp;para&nbsp;la que concursa, recordamos que es IMPORTANTE que en el SET 4 se especifique&nbsp;<strong><em>textualmente<\/em><\/strong>&nbsp;el nombre de la asignatura&nbsp;(CERTIFICADAS como COPIA FIEL POR AUTORIDAD COMPETENTE);<\/li>\n\n\n\n<li>Antig\u00fcedad docente en el Nivel Terciario&nbsp;en el \u00e1rea y asignatura espec\u00edfica, que puede certificarse de dos maneras,&nbsp;que la&nbsp;autoridad&nbsp;competente&nbsp;firme al lado de lo informado por el\/la docente&nbsp;corroborando la veracidad de los datos y\/o&nbsp;en hoja aparte.<\/li>\n\n\n\n<li>Antig\u00fcedad en otro Nivel, puede adoptarse&nbsp;igual manera que la anterior.-<\/li>\n<\/ul>\n\n\n\n<p>Podes Descargar la Resoluci\u00f3n 5886\/03 completa haciendo click&nbsp;<a href=\"https:\/\/isfd37-bue.infd.edu.ar\/sitio\/wp-content\/uploads\/2025\/05\/RES_5886-03_completa.pdf\" target=\"_blank\" rel=\"noreferrer noopener\">aqu\u00ed<\/a><\/p>\n\n\n\n<p>Para Descargar la Declaraci\u00f3n Jurada click&nbsp;<a href=\"https:\/\/isfd37-bue.infd.edu.ar\/sitio\/wp-content\/uploads\/2025\/05\/SELECCION__Declaracion_Jurada.docx\" target=\"_blank\" rel=\"noreferrer noopener\">aqu\u00ed<\/a><\/p>\n","protected":false},"excerpt":{"rendered":"<p>La selecci\u00f3n de aspirantes a profesores&nbsp;provisionales y suplentes se realiza seg\u00fan Resoluci\u00f3n N\u00ba 5886\/03. Las llamadas a cobertura de asignaturas se realizan a trav\u00e9s de Secretar\u00eda de Asuntos Docentes. Los interesados deber\u00e1n presentar&nbsp;Declaraci\u00f3n Jurada&nbsp;y Proyecto Curricular dentro de los plazos que se establezcan. Para la elaboraci\u00f3n del Proyecto Curricular deber\u00e1n respetarse los CONTENIDOS MINIMOS&nbsp;de la &#8230; <a title=\"Concursos de materias\" class=\"read-more\" href=\"https:\/\/isfd37-bue.infd.edu.ar\/sitio\/concursos-de-materias\/\" aria-label=\"More on Concursos de materias\">[+]<\/a><\/p>\n","protected":false},"author":14,"featured_media":0,"parent":0,"menu_order":0,"comment_status":"closed","ping_status":"closed","template":"","meta":[],"acf":[],"_links":{"self":[{"href":"https:\/\/isfd37-bue.infd.edu.ar\/sitio\/wp-json\/wp\/v2\/pages\/867"}],"collection":[{"href":"https:\/\/isfd37-bue.infd.edu.ar\/sitio\/wp-json\/wp\/v2\/pages"}],"about":[{"href":"https:\/\/isfd37-bue.infd.edu.ar\/sitio\/wp-json\/wp\/v2\/types\/page"}],"author":[{"embeddable":true,"href":"https:\/\/isfd37-bue.infd.edu.ar\/sitio\/wp-json\/wp\/v2\/users\/14"}],"replies":[{"embeddable":true,"href":"https:\/\/isfd37-bue.infd.edu.ar\/sitio\/wp-json\/wp\/v2\/comments?post=867"}],"version-history":[{"count":3,"href":"https:\/\/isfd37-bue.infd.edu.ar\/sitio\/wp-json\/wp\/v2\/pages\/867\/revisions"}],"predecessor-version":[{"id":938,"href":"https:\/\/isfd37-bue.infd.edu.ar\/sitio\/wp-json\/wp\/v2\/pages\/867\/revisions\/938"}],"wp:attachment":[{"href":"https:\/\/isfd37-bue.infd.edu.ar\/sitio\/wp-json\/wp\/v2\/media?parent=867"}],"curies":[{"name":"wp","href":"https:\/\/api.w.org\/{rel}","templated":true}]}}