{"id":900,"date":"2025-05-20T11:38:20","date_gmt":"2025-05-20T14:38:20","guid":{"rendered":"https:\/\/isfd37-bue.infd.edu.ar\/sitio\/?page_id=900"},"modified":"2025-05-20T11:58:02","modified_gmt":"2025-05-20T14:58:02","slug":"profesorado-de-educacion-primaria","status":"publish","type":"page","link":"https:\/\/isfd37-bue.infd.edu.ar\/sitio\/profesorado-de-educacion-primaria\/","title":{"rendered":"Profesorado de Educaci\u00f3n Primaria"},"content":{"rendered":"\n<p><strong>RM 4154\/07<\/strong><\/p>\n\n\n\n<figure class=\"wp-block-image size-full is-resized\"><img decoding=\"async\" loading=\"lazy\" src=\"https:\/\/isfd37-bue.infd.edu.ar\/sitio\/wp-content\/uploads\/2025\/05\/Plan-de-Estudios_PFPRI.jpg\" alt=\"\" class=\"wp-image-903\" width=\"408\" height=\"210\"\/><\/figure>\n\n\n\n<p>Podes Descargarlo&nbsp;<a href=\"https:\/\/isfd37-bue.infd.edu.ar\/sitio\/wp-content\/uploads\/2025\/05\/Plan-de-Estudios_PFPRI.jpg\" target=\"_blank\" rel=\"noreferrer noopener\">aqu\u00ed<\/a><\/p>\n\n\n\n<p>Podes Descargar el Plan de Correlatividades haciendo click&nbsp;<a href=\"https:\/\/isfd37-bue.infd.edu.ar\/sitio\/wp-content\/uploads\/2025\/05\/Correlatividades-PFPRI.pdf\" target=\"_blank\" rel=\"noreferrer noopener\">aqu\u00ed<\/a><\/p>\n\n\n\n<p><a href=\"https:\/\/isfd37-bue.infd.edu.ar\/sitio\/wp-content\/uploads\/2025\/05\/Diseno-EP.pdf\" target=\"_blank\" rel=\"noreferrer noopener\">Descargar Die\u00f1o Curricular<\/a><\/p>\n\n\n\n<p><a href=\"https:\/\/isfd37-bue.infd.edu.ar\/sitio\/wp-content\/uploads\/2025\/05\/PROFESORADO_DE_EDUCACION_PRIMARIA.doc\" target=\"_blank\" rel=\"noreferrer noopener\">Rol Profesion<\/a><a rel=\"noreferrer noopener\" href=\"https:\/\/isfdyt48-bue.infd.edu.ar\/sitio\/wp-content\/uploads\/sitio\/PROFESORADO_DE_EDUCACION_PRIMARIA.doc\" target=\"_blank\">al \u2013 Campo Laboral<\/a><\/p>\n","protected":false},"excerpt":{"rendered":"<p>RM 4154\/07 Podes Descargarlo&nbsp;aqu\u00ed Podes Descargar el Plan de Correlatividades haciendo click&nbsp;aqu\u00ed Descargar Die\u00f1o Curricular Rol Profesional \u2013 Campo Laboral<\/p>\n","protected":false},"author":14,"featured_media":0,"parent":0,"menu_order":0,"comment_status":"closed","ping_status":"closed","template":"","meta":[],"acf":[],"_links":{"self":[{"href":"https:\/\/isfd37-bue.infd.edu.ar\/sitio\/wp-json\/wp\/v2\/pages\/900"}],"collection":[{"href":"https:\/\/isfd37-bue.infd.edu.ar\/sitio\/wp-json\/wp\/v2\/pages"}],"about":[{"href":"https:\/\/isfd37-bue.infd.edu.ar\/sitio\/wp-json\/wp\/v2\/types\/page"}],"author":[{"embeddable":true,"href":"https:\/\/isfd37-bue.infd.edu.ar\/sitio\/wp-json\/wp\/v2\/users\/14"}],"replies":[{"embeddable":true,"href":"https:\/\/isfd37-bue.infd.edu.ar\/sitio\/wp-json\/wp\/v2\/comments?post=900"}],"version-history":[{"count":4,"href":"https:\/\/isfd37-bue.infd.edu.ar\/sitio\/wp-json\/wp\/v2\/pages\/900\/revisions"}],"predecessor-version":[{"id":910,"href":"https:\/\/isfd37-bue.infd.edu.ar\/sitio\/wp-json\/wp\/v2\/pages\/900\/revisions\/910"}],"wp:attachment":[{"href":"https:\/\/isfd37-bue.infd.edu.ar\/sitio\/wp-json\/wp\/v2\/media?parent=900"}],"curies":[{"name":"wp","href":"https:\/\/api.w.org\/{rel}","templated":true}]}}