{"id":911,"date":"2025-05-20T14:43:09","date_gmt":"2025-05-20T17:43:09","guid":{"rendered":"https:\/\/isfd37-bue.infd.edu.ar\/sitio\/?page_id=911"},"modified":"2025-05-20T18:48:45","modified_gmt":"2025-05-20T21:48:45","slug":"tecnicatura-superior-en-administracion-contable","status":"publish","type":"page","link":"https:\/\/isfd37-bue.infd.edu.ar\/sitio\/tecnicatura-superior-en-administracion-contable\/","title":{"rendered":"Tecnicatura Superior en Administraci\u00f3n contable"},"content":{"rendered":"\n<p>Plan Nuevo<\/p>\n\n\n\n<p><strong>RM 4561\/23<\/strong><\/p>\n\n\n\n<div class=\"wp-block-media-text alignwide is-stacked-on-mobile\"><figure class=\"wp-block-media-text__media\"><img decoding=\"async\" src=\"https:\/\/isfd37-bue.infd.edu.ar\/sitio\/wp-content\/uploads\/2025\/05\/flier007-copia.jpg\" alt=\"\"\/><\/figure><div class=\"wp-block-media-text__content\">\n<p>Podes descargarlo&nbsp;<a href=\"https:\/\/isfdyt48-bue.infd.edu.ar\/sitio\/wp-content\/uploads\/2024\/08\/Plan-de-Estudios_Administracion-Contable-Nuevo-Plan.jpg\" target=\"_blank\" rel=\"noreferrer noopener\">aqu\u00ed<\/a><\/p>\n\n\n\n<p>Descargar el Plan de Correlatividades haciendo click&nbsp;<a href=\"https:\/\/isfd37-bue.infd.edu.ar\/sitio\/wp-content\/uploads\/2025\/05\/Correlatividades_Administracion-Contable-Nuevo-1.jpg\" target=\"_blank\" rel=\"noreferrer noopener\">aqu\u00ed<\/a><\/p>\n\n\n\n<p><a href=\"https:\/\/isfd37-bue.infd.edu.ar\/sitio\/wp-content\/uploads\/2025\/05\/tecnicatura-superior-en-administracion-contable-diseno-2024.pdf\" target=\"_blank\" rel=\"noreferrer noopener\">Descargar Dise\u00f1o Curricular<\/a><\/p>\n<\/div><\/div>\n\n\n<div class=\"wp-block-image\">\n<figure class=\"aligncenter size-large is-resized\"><img decoding=\"async\" loading=\"lazy\" src=\"https:\/\/isfd37-bue.infd.edu.ar\/sitio\/wp-content\/uploads\/2025\/05\/flier008-1442x1900.jpg\" alt=\"\" class=\"wp-image-953\" width=\"419\" height=\"552\" srcset=\"https:\/\/isfd37-bue.infd.edu.ar\/sitio\/wp-content\/uploads\/2025\/05\/flier008-1442x1900.jpg 1442w, https:\/\/isfd37-bue.infd.edu.ar\/sitio\/wp-content\/uploads\/2025\/05\/flier008-759x1000.jpg 759w, https:\/\/isfd37-bue.infd.edu.ar\/sitio\/wp-content\/uploads\/2025\/05\/flier008-768x1012.jpg 768w, https:\/\/isfd37-bue.infd.edu.ar\/sitio\/wp-content\/uploads\/2025\/05\/flier008-1166x1536.jpg 1166w, https:\/\/isfd37-bue.infd.edu.ar\/sitio\/wp-content\/uploads\/2025\/05\/flier008-1555x2048.jpg 1555w, https:\/\/isfd37-bue.infd.edu.ar\/sitio\/wp-content\/uploads\/2025\/05\/flier008.jpg 1768w\" sizes=\"(max-width: 419px) 100vw, 419px\" \/><\/figure><\/div>","protected":false},"excerpt":{"rendered":"<p>Plan Nuevo RM 4561\/23 Podes descargarlo&nbsp;aqu\u00ed Descargar el Plan de Correlatividades haciendo click&nbsp;aqu\u00ed Descargar Dise\u00f1o Curricular<\/p>\n","protected":false},"author":14,"featured_media":0,"parent":0,"menu_order":0,"comment_status":"closed","ping_status":"closed","template":"","meta":[],"acf":[],"_links":{"self":[{"href":"https:\/\/isfd37-bue.infd.edu.ar\/sitio\/wp-json\/wp\/v2\/pages\/911"}],"collection":[{"href":"https:\/\/isfd37-bue.infd.edu.ar\/sitio\/wp-json\/wp\/v2\/pages"}],"about":[{"href":"https:\/\/isfd37-bue.infd.edu.ar\/sitio\/wp-json\/wp\/v2\/types\/page"}],"author":[{"embeddable":true,"href":"https:\/\/isfd37-bue.infd.edu.ar\/sitio\/wp-json\/wp\/v2\/users\/14"}],"replies":[{"embeddable":true,"href":"https:\/\/isfd37-bue.infd.edu.ar\/sitio\/wp-json\/wp\/v2\/comments?post=911"}],"version-history":[{"count":3,"href":"https:\/\/isfd37-bue.infd.edu.ar\/sitio\/wp-json\/wp\/v2\/pages\/911\/revisions"}],"predecessor-version":[{"id":957,"href":"https:\/\/isfd37-bue.infd.edu.ar\/sitio\/wp-json\/wp\/v2\/pages\/911\/revisions\/957"}],"wp:attachment":[{"href":"https:\/\/isfd37-bue.infd.edu.ar\/sitio\/wp-json\/wp\/v2\/media?parent=911"}],"curies":[{"name":"wp","href":"https:\/\/api.w.org\/{rel}","templated":true}]}}