{"id":918,"date":"2025-05-20T15:56:34","date_gmt":"2025-05-20T18:56:34","guid":{"rendered":"https:\/\/isfd37-bue.infd.edu.ar\/sitio\/?page_id=918"},"modified":"2025-05-20T16:05:22","modified_gmt":"2025-05-20T19:05:22","slug":"profesorado-de-educacion-inicial","status":"publish","type":"page","link":"https:\/\/isfd37-bue.infd.edu.ar\/sitio\/profesorado-de-educacion-inicial\/","title":{"rendered":"Profesorado de Educaci\u00f3n Inicial"},"content":{"rendered":"\n<p><\/p>\n\n\n\n<figure class=\"wp-block-image size-full is-resized\"><img decoding=\"async\" loading=\"lazy\" src=\"https:\/\/isfd37-bue.infd.edu.ar\/sitio\/wp-content\/uploads\/2025\/05\/4o-ano.jpg\" alt=\"\" class=\"wp-image-924\" width=\"337\" height=\"328\" srcset=\"https:\/\/isfd37-bue.infd.edu.ar\/sitio\/wp-content\/uploads\/2025\/05\/4o-ano.jpg 826w, https:\/\/isfd37-bue.infd.edu.ar\/sitio\/wp-content\/uploads\/2025\/05\/4o-ano-768x748.jpg 768w\" sizes=\"(max-width: 337px) 100vw, 337px\" \/><\/figure>\n\n\n\n<ul>\n<li>Requisitos de ingreso:<\/li>\n<\/ul>\n\n\n\n<p>1)&nbsp;&nbsp;&nbsp;&nbsp;&nbsp; Haber completado los estudios de Nivel Medio\/Polimodal\/Secundario.<\/p>\n\n\n\n<p>&nbsp;2)&nbsp;&nbsp;&nbsp;&nbsp;&nbsp; Inscribirse en tiempo y forma.<\/p>\n\n\n\n<p>\u00a03)\u00a0 \u00a0 \u00a0 Realizar el Curso Inicial (Presencial \u2013 obligatorio \u2013 no excluyente)<\/p>\n\n\n\n<ul>\n<li><strong>PARA FORMALIZAR LA INSCRIPCI\u00d3N DEBER\u00c1 PRESENTAR LA SIGUIENTE DOCUMENTACI\u00d3N:<\/strong><\/li>\n<\/ul>\n\n\n\n<p>1) &nbsp;Fotocopia del Certificado anal\u00edtico de estudios, con N\u00famero de Registro en la Provincia de Buenos Aires. Si el certificado a\u00fan est\u00e1 en tr\u00e1mite: constancia de certificado anal\u00edtico en tr\u00e1mite sin adeudar materias. Esta constancia tiene una vigencia de 30 d\u00edas, por lo cual, deber\u00e1 renovarla hasta la entrega del certificado correspondiente.<\/p>\n\n\n\n<p>2) &nbsp;Fotocopia de D.N.I.<\/p>\n\n\n\n<p>3) &nbsp;Certificado de aptitud psico-f\u00edsica, firmado por un profesional m\u00e9dico.<\/p>\n\n\n\n<p>4) &nbsp;Dos &nbsp;fotos tipo carnet.<\/p>\n\n\n\n<p>5) Planilla de inscripci\u00f3n completa\u00a0<a href=\"https:\/\/isfd37-bue.infd.edu.ar\/sitio\/wp-content\/uploads\/2025\/05\/Formacion-Docente-inicial-Tecnica-y-Artistica-Planilla-de-inscripcion-Educacion-Superior_1.pdf\" target=\"_blank\" rel=\"noreferrer noopener\">Planilla de Inscripci\u00f3n<\/a>\u00a0(clic en el enlace para descargar la planilla y completarla)<\/p>\n","protected":false},"excerpt":{"rendered":"<p>1)&nbsp;&nbsp;&nbsp;&nbsp;&nbsp; Haber completado los estudios de Nivel Medio\/Polimodal\/Secundario. &nbsp;2)&nbsp;&nbsp;&nbsp;&nbsp;&nbsp; Inscribirse en tiempo y forma. \u00a03)\u00a0 \u00a0 \u00a0 Realizar el Curso Inicial (Presencial \u2013 obligatorio \u2013 no excluyente) 1) &nbsp;Fotocopia del Certificado anal\u00edtico de estudios, con N\u00famero de Registro en la Provincia de Buenos Aires. Si el certificado a\u00fan est\u00e1 en tr\u00e1mite: constancia de certificado anal\u00edtico &#8230; <a title=\"Profesorado de Educaci\u00f3n Inicial\" class=\"read-more\" href=\"https:\/\/isfd37-bue.infd.edu.ar\/sitio\/profesorado-de-educacion-inicial\/\" aria-label=\"More on Profesorado de Educaci\u00f3n Inicial\">[+]<\/a><\/p>\n","protected":false},"author":14,"featured_media":0,"parent":0,"menu_order":0,"comment_status":"closed","ping_status":"closed","template":"","meta":[],"acf":[],"_links":{"self":[{"href":"https:\/\/isfd37-bue.infd.edu.ar\/sitio\/wp-json\/wp\/v2\/pages\/918"}],"collection":[{"href":"https:\/\/isfd37-bue.infd.edu.ar\/sitio\/wp-json\/wp\/v2\/pages"}],"about":[{"href":"https:\/\/isfd37-bue.infd.edu.ar\/sitio\/wp-json\/wp\/v2\/types\/page"}],"author":[{"embeddable":true,"href":"https:\/\/isfd37-bue.infd.edu.ar\/sitio\/wp-json\/wp\/v2\/users\/14"}],"replies":[{"embeddable":true,"href":"https:\/\/isfd37-bue.infd.edu.ar\/sitio\/wp-json\/wp\/v2\/comments?post=918"}],"version-history":[{"count":2,"href":"https:\/\/isfd37-bue.infd.edu.ar\/sitio\/wp-json\/wp\/v2\/pages\/918\/revisions"}],"predecessor-version":[{"id":926,"href":"https:\/\/isfd37-bue.infd.edu.ar\/sitio\/wp-json\/wp\/v2\/pages\/918\/revisions\/926"}],"wp:attachment":[{"href":"https:\/\/isfd37-bue.infd.edu.ar\/sitio\/wp-json\/wp\/v2\/media?parent=918"}],"curies":[{"name":"wp","href":"https:\/\/api.w.org\/{rel}","templated":true}]}}