{"id":933,"date":"2025-05-20T17:19:45","date_gmt":"2025-05-20T20:19:45","guid":{"rendered":"https:\/\/isfd37-bue.infd.edu.ar\/sitio\/?page_id=933"},"modified":"2025-05-20T17:19:47","modified_gmt":"2025-05-20T20:19:47","slug":"tecnicatura-superior-en-psicopedagogia","status":"publish","type":"page","link":"https:\/\/isfd37-bue.infd.edu.ar\/sitio\/tecnicatura-superior-en-psicopedagogia\/","title":{"rendered":"Tecnicatura Superior en Psicopedagog\u00eda"},"content":{"rendered":"\n<ul>\n<li><strong>REQUISITOS DE INGRESO:<\/strong><\/li>\n<\/ul>\n\n\n\n<div class=\"wp-block-media-text alignwide has-media-on-the-right is-stacked-on-mobile\" style=\"grid-template-columns:auto 36%\"><div class=\"wp-block-media-text__content\">\n<p><\/p>\n\n\n\n<p>&nbsp;1)&nbsp;&nbsp;&nbsp;&nbsp;&nbsp; Haber completado los estudios de Nivel Medio\/Polimodal\/Secundario.<\/p>\n\n\n\n<p>&nbsp;2)&nbsp;&nbsp;&nbsp;&nbsp;&nbsp; Inscribirse en tiempo y forma.<\/p>\n\n\n\n<p>&nbsp;3)&nbsp; &nbsp; &nbsp; Realizar el Curso Inicial (Presencial \u2013 obligatorio \u2013 no excluyente)<\/p>\n\n\n\n<p><strong>PARA FORMALIZAR LA INSCRIPCI\u00d3N DEBER\u00c1 PRESENTAR LA SIGUIENTE DOCUMENTACI\u00d3N:<\/strong><\/p>\n\n\n\n<p>&nbsp;1) &nbsp;Fotocopia del Certificado anal\u00edtico de estudios, con N\u00famero de Registro en la Provincia de Buenos Aires. Si el certificado a\u00fan est\u00e1 en tr\u00e1mite: constancia de certificado anal\u00edtico en tr\u00e1mite sin adeudar materias. Esta constancia tiene una vigencia de 30 d\u00edas, por lo cual, deber\u00e1 renovarla hasta la entrega del certificado correspondiente.<\/p>\n\n\n\n<p>2) &nbsp;Fotocopia de D.N.I.&nbsp;<\/p>\n\n\n\n<p>3) &nbsp;Certificado de aptitud psico-f\u00edsica, firmado por un profesional m\u00e9dico.<\/p>\n\n\n\n<p>4) \u00a0Dos fotos tipo carnet.<\/p>\n\n\n\n<p>5) Planilla de inscripci\u00f3n completa\u00a0<a href=\"https:\/\/isfd37-bue.infd.edu.ar\/sitio\/wp-content\/uploads\/2025\/05\/Formacion-Docente-inicial-Tecnica-y-Artistica-Planilla-de-inscripcion-Educacion-Superior_1.pdf\" target=\"_blank\" rel=\"noreferrer noopener\">Planilla de Inscripci\u00f3n<\/a>\u00a0(clic en el enlace para descargar la planilla y completarla)<\/p>\n<\/div><figure class=\"wp-block-media-text__media\"><img decoding=\"async\" loading=\"lazy\" width=\"1482\" height=\"1900\" src=\"https:\/\/isfd37-bue.infd.edu.ar\/sitio\/wp-content\/uploads\/2025\/05\/flier001-1-1482x1900.jpg\" alt=\"\" class=\"wp-image-934 size-full\" srcset=\"https:\/\/isfd37-bue.infd.edu.ar\/sitio\/wp-content\/uploads\/2025\/05\/flier001-1-1482x1900.jpg 1482w, https:\/\/isfd37-bue.infd.edu.ar\/sitio\/wp-content\/uploads\/2025\/05\/flier001-1-780x1000.jpg 780w, https:\/\/isfd37-bue.infd.edu.ar\/sitio\/wp-content\/uploads\/2025\/05\/flier001-1-768x985.jpg 768w, https:\/\/isfd37-bue.infd.edu.ar\/sitio\/wp-content\/uploads\/2025\/05\/flier001-1-1198x1536.jpg 1198w, https:\/\/isfd37-bue.infd.edu.ar\/sitio\/wp-content\/uploads\/2025\/05\/flier001-1-1597x2048.jpg 1597w, https:\/\/isfd37-bue.infd.edu.ar\/sitio\/wp-content\/uploads\/2025\/05\/flier001-1.jpg 1710w\" sizes=\"(max-width: 1482px) 100vw, 1482px\" \/><\/figure><\/div>\n\n\n\n<div class=\"wp-block-media-text alignwide is-stacked-on-mobile\"><figure class=\"wp-block-media-text__media\"><img decoding=\"async\" loading=\"lazy\" width=\"526\" height=\"504\" src=\"https:\/\/isfd37-bue.infd.edu.ar\/sitio\/wp-content\/uploads\/2025\/05\/Plan-Psicopedagogia-614x1536-copia.png\" alt=\"\" class=\"wp-image-935 size-full\"\/><\/figure><div class=\"wp-block-media-text__content\">\n<p><strong><em>Oportunamente \u00a0se informar\u00e1 sobre los d\u00edas y horarios en los que deber\u00e1 concurrir a realizar el Curso Inicial obligatorio que deben realizar los aspirantes.<\/em><\/strong><\/p>\n\n\n\n<p>Podes Descargarlo\u00a0<a href=\"https:\/\/isfd37-bue.infd.edu.ar\/sitio\/wp-content\/uploads\/2025\/05\/Plan-Psicopedagogia-614x1536-copia.png\" target=\"_blank\" rel=\"noreferrer noopener\">aqu\u00ed<\/a><\/p>\n<\/div><\/div>\n","protected":false},"excerpt":{"rendered":"<p>&nbsp;1)&nbsp;&nbsp;&nbsp;&nbsp;&nbsp; Haber completado los estudios de Nivel Medio\/Polimodal\/Secundario. &nbsp;2)&nbsp;&nbsp;&nbsp;&nbsp;&nbsp; Inscribirse en tiempo y forma. &nbsp;3)&nbsp; &nbsp; &nbsp; Realizar el Curso Inicial (Presencial \u2013 obligatorio \u2013 no excluyente) PARA FORMALIZAR LA INSCRIPCI\u00d3N DEBER\u00c1 PRESENTAR LA SIGUIENTE DOCUMENTACI\u00d3N: &nbsp;1) &nbsp;Fotocopia del Certificado anal\u00edtico de estudios, con N\u00famero de Registro en la Provincia de Buenos Aires. Si el &#8230; <a title=\"Tecnicatura Superior en Psicopedagog\u00eda\" class=\"read-more\" href=\"https:\/\/isfd37-bue.infd.edu.ar\/sitio\/tecnicatura-superior-en-psicopedagogia\/\" aria-label=\"More on Tecnicatura Superior en Psicopedagog\u00eda\">[+]<\/a><\/p>\n","protected":false},"author":14,"featured_media":0,"parent":0,"menu_order":0,"comment_status":"closed","ping_status":"closed","template":"","meta":[],"acf":[],"_links":{"self":[{"href":"https:\/\/isfd37-bue.infd.edu.ar\/sitio\/wp-json\/wp\/v2\/pages\/933"}],"collection":[{"href":"https:\/\/isfd37-bue.infd.edu.ar\/sitio\/wp-json\/wp\/v2\/pages"}],"about":[{"href":"https:\/\/isfd37-bue.infd.edu.ar\/sitio\/wp-json\/wp\/v2\/types\/page"}],"author":[{"embeddable":true,"href":"https:\/\/isfd37-bue.infd.edu.ar\/sitio\/wp-json\/wp\/v2\/users\/14"}],"replies":[{"embeddable":true,"href":"https:\/\/isfd37-bue.infd.edu.ar\/sitio\/wp-json\/wp\/v2\/comments?post=933"}],"version-history":[{"count":1,"href":"https:\/\/isfd37-bue.infd.edu.ar\/sitio\/wp-json\/wp\/v2\/pages\/933\/revisions"}],"predecessor-version":[{"id":937,"href":"https:\/\/isfd37-bue.infd.edu.ar\/sitio\/wp-json\/wp\/v2\/pages\/933\/revisions\/937"}],"wp:attachment":[{"href":"https:\/\/isfd37-bue.infd.edu.ar\/sitio\/wp-json\/wp\/v2\/media?parent=933"}],"curies":[{"name":"wp","href":"https:\/\/api.w.org\/{rel}","templated":true}]}}